{"id":2484,"date":"2022-09-07T22:52:46","date_gmt":"2022-09-07T20:52:46","guid":{"rendered":"https:\/\/caplds.cz\/?page_id=2484"},"modified":"2024-02-14T20:09:18","modified_gmt":"2024-02-14T19:09:18","slug":"spolupracujici","status":"publish","type":"page","link":"https:\/\/caplds.cz\/index.php\/spolupracujici\/","title":{"rendered":"Spolupracuj\u00edc\u00ed"},"content":{"rendered":"\n<p>Spolupracujeme s&nbsp;n\u00e1sleduj\u00edc\u00edmi spole\u010dnostmi:<\/p>\n\n\n\n<div class=\"wp-block-columns is-layout-flex wp-container-core-columns-is-layout-9d6595d7 wp-block-columns-is-layout-flex\">\n<div class=\"wp-block-column is-layout-flow wp-block-column-is-layout-flow\">\n<figure class=\"wp-block-image size-full\"><img loading=\"lazy\" decoding=\"async\" width=\"219\" height=\"117\" src=\"https:\/\/caplds.cz\/wp-content\/uploads\/2022\/09\/TPUE.png\" alt=\"\" class=\"wp-image-2509\"\/><figcaption class=\"wp-element-caption\"><a href=\"http:\/\/tpue.cz\/\">TPUE<\/a><\/figcaption><\/figure>\n\n\n<div class=\"wp-block-image\">\n<figure class=\"aligncenter size-full\"><img loading=\"lazy\" decoding=\"async\" width=\"309\" height=\"165\" src=\"https:\/\/caplds.cz\/wp-content\/uploads\/2022\/09\/index.png\" alt=\"\" class=\"wp-image-2512\" srcset=\"https:\/\/caplds.cz\/wp-content\/uploads\/2022\/09\/index.png 309w, https:\/\/caplds.cz\/wp-content\/uploads\/2022\/09\/index-300x160.png 300w\" sizes=\"auto, (max-width: 309px) 100vw, 309px\" \/><figcaption class=\"wp-element-caption\"><a href=\"https:\/\/www.ckcired.cz\/\">CIRED<\/a><\/figcaption><\/figure>\n<\/div>\n\n<div class=\"wp-block-image\">\n<figure class=\"aligncenter size-full\"><img loading=\"lazy\" decoding=\"async\" width=\"333\" height=\"178\" src=\"https:\/\/caplds.cz\/wp-content\/uploads\/2022\/09\/SEMMO.png\" alt=\"\" class=\"wp-image-2515\" srcset=\"https:\/\/caplds.cz\/wp-content\/uploads\/2022\/09\/SEMMO.png 333w, https:\/\/caplds.cz\/wp-content\/uploads\/2022\/09\/SEMMO-300x160.png 300w\" sizes=\"auto, (max-width: 333px) 100vw, 333px\" \/><figcaption class=\"wp-element-caption\"><a href=\"https:\/\/semmo.cz\/\">SEMMO<\/a><\/figcaption><\/figure>\n<\/div><\/div>\n\n\n\n<div class=\"wp-block-column is-layout-flow wp-block-column-is-layout-flow\">\n<figure class=\"wp-block-image size-full\"><img loading=\"lazy\" decoding=\"async\" width=\"300\" height=\"160\" src=\"https:\/\/caplds.cz\/wp-content\/uploads\/2022\/09\/akubat-svg-1.png\" alt=\"\" class=\"wp-image-2513\"\/><figcaption class=\"wp-element-caption\"><a href=\"https:\/\/www.akubat-asociace.cz\/\">AKU-BAT<\/a><\/figcaption><\/figure>\n\n\n<div class=\"wp-block-image\">\n<figure class=\"aligncenter size-full\"><img loading=\"lazy\" decoding=\"async\" width=\"184\" height=\"98\" src=\"https:\/\/caplds.cz\/wp-content\/uploads\/2022\/09\/zmdslogo-1.png\" alt=\"\" class=\"wp-image-2516\"\/><figcaption class=\"wp-element-caption\"><a href=\"https:\/\/www.zmds.sk\/sk\/\">ZMDS<\/a><\/figcaption><\/figure>\n<\/div><\/div>\n\n\n\n<div class=\"wp-block-column is-layout-flow wp-block-column-is-layout-flow\"><div class=\"wp-block-image\">\n<figure class=\"aligncenter size-full\"><img loading=\"lazy\" decoding=\"async\" width=\"844\" height=\"450\" src=\"https:\/\/caplds.cz\/wp-content\/uploads\/2022\/09\/Logo-SVSE.png\" alt=\"\" class=\"wp-image-2511\" srcset=\"https:\/\/caplds.cz\/wp-content\/uploads\/2022\/09\/Logo-SVSE.png 844w, https:\/\/caplds.cz\/wp-content\/uploads\/2022\/09\/Logo-SVSE-300x160.png 300w, https:\/\/caplds.cz\/wp-content\/uploads\/2022\/09\/Logo-SVSE-768x409.png 768w\" sizes=\"auto, (max-width: 844px) 100vw, 844px\" \/><figcaption class=\"wp-element-caption\"><a href=\"https:\/\/svse-csze.cz\/\">SVSE<\/a><\/figcaption><\/figure>\n<\/div>\n\n\n<figure class=\"wp-block-image size-full\"><img loading=\"lazy\" decoding=\"async\" width=\"320\" height=\"171\" src=\"https:\/\/caplds.cz\/wp-content\/uploads\/2022\/09\/logo-1.png\" alt=\"\" class=\"wp-image-2514\" srcset=\"https:\/\/caplds.cz\/wp-content\/uploads\/2022\/09\/logo-1.png 320w, https:\/\/caplds.cz\/wp-content\/uploads\/2022\/09\/logo-1-300x160.png 300w\" sizes=\"auto, (max-width: 320px) 100vw, 320px\" \/><figcaption class=\"wp-element-caption\"><a href=\"https:\/\/andecr.cz\/\">ADNE<\/a><\/figcaption><\/figure>\n\n\n\n<p class=\"has-text-align-center has-large-font-size\"><span style=\"height: 80px;\">OSDNEE<\/span><\/p>\n<\/div>\n<\/div>\n","protected":false},"excerpt":{"rendered":"<p>Spolupracujeme s&nbsp;n\u00e1sleduj\u00edc\u00edmi spole\u010dnostmi: OSDNEE<\/p>\n","protected":false},"author":2,"featured_media":0,"parent":0,"menu_order":0,"comment_status":"closed","ping_status":"closed","template":"","meta":{"_bbp_topic_count":0,"_bbp_reply_count":0,"_bbp_total_topic_count":0,"_bbp_total_reply_count":0,"_bbp_voice_count":0,"_bbp_anonymous_reply_count":0,"_bbp_topic_count_hidden":0,"_bbp_reply_count_hidden":0,"_bbp_forum_subforum_count":0,"footnotes":""},"class_list":["post-2484","page","type-page","status-publish","hentry","entry"],"yoast_head":"<!-- This site is optimized with the Yoast SEO plugin v27.4 - https:\/\/yoast.com\/product\/yoast-seo-wordpress\/ -->\n<title>Spolupracuj\u00edc\u00ed - \u010cesk\u00e1 asociace provozovatel\u016f LDS<\/title>\n<meta name=\"robots\" content=\"index, follow, max-snippet:-1, max-image-preview:large, max-video-preview:-1\" \/>\n<link rel=\"canonical\" href=\"https:\/\/caplds.cz\/index.php\/spolupracujici\/\" \/>\n<meta property=\"og:locale\" content=\"cs_CZ\" \/>\n<meta property=\"og:type\" content=\"article\" \/>\n<meta property=\"og:title\" content=\"Spolupracuj\u00edc\u00ed - \u010cesk\u00e1 asociace provozovatel\u016f LDS\" \/>\n<meta property=\"og:description\" content=\"Spolupracujeme s&nbsp;n\u00e1sleduj\u00edc\u00edmi spole\u010dnostmi: OSDNEE\" \/>\n<meta property=\"og:url\" content=\"https:\/\/caplds.cz\/index.php\/spolupracujici\/\" \/>\n<meta property=\"og:site_name\" content=\"\u010cesk\u00e1 asociace provozovatel\u016f LDS\" \/>\n<meta property=\"article:modified_time\" content=\"2024-02-14T19:09:18+00:00\" \/>\n<meta property=\"og:image\" content=\"https:\/\/caplds.cz\/wp-content\/uploads\/2022\/09\/TPUE.png\" \/>\n<meta name=\"twitter:card\" content=\"summary_large_image\" \/>\n<meta name=\"twitter:label1\" content=\"Odhadovan\u00e1 doba \u010dten\u00ed\" \/>\n\t<meta name=\"twitter:data1\" content=\"2 minuty\" \/>\n<script type=\"application\/ld+json\" class=\"yoast-schema-graph\">{\"@context\":\"https:\\\/\\\/schema.org\",\"@graph\":[{\"@type\":\"WebPage\",\"@id\":\"https:\\\/\\\/caplds.cz\\\/index.php\\\/spolupracujici\\\/\",\"url\":\"https:\\\/\\\/caplds.cz\\\/index.php\\\/spolupracujici\\\/\",\"name\":\"Spolupracuj\u00edc\u00ed - \u010cesk\u00e1 asociace provozovatel\u016f LDS\",\"isPartOf\":{\"@id\":\"https:\\\/\\\/caplds.cz\\\/#website\"},\"primaryImageOfPage\":{\"@id\":\"https:\\\/\\\/caplds.cz\\\/index.php\\\/spolupracujici\\\/#primaryimage\"},\"image\":{\"@id\":\"https:\\\/\\\/caplds.cz\\\/index.php\\\/spolupracujici\\\/#primaryimage\"},\"thumbnailUrl\":\"https:\\\/\\\/caplds.cz\\\/wp-content\\\/uploads\\\/2022\\\/09\\\/TPUE.png\",\"datePublished\":\"2022-09-07T20:52:46+00:00\",\"dateModified\":\"2024-02-14T19:09:18+00:00\",\"breadcrumb\":{\"@id\":\"https:\\\/\\\/caplds.cz\\\/index.php\\\/spolupracujici\\\/#breadcrumb\"},\"inLanguage\":\"cs\",\"potentialAction\":[{\"@type\":\"ReadAction\",\"target\":[\"https:\\\/\\\/caplds.cz\\\/index.php\\\/spolupracujici\\\/\"]}]},{\"@type\":\"ImageObject\",\"inLanguage\":\"cs\",\"@id\":\"https:\\\/\\\/caplds.cz\\\/index.php\\\/spolupracujici\\\/#primaryimage\",\"url\":\"https:\\\/\\\/caplds.cz\\\/wp-content\\\/uploads\\\/2022\\\/09\\\/TPUE.png\",\"contentUrl\":\"https:\\\/\\\/caplds.cz\\\/wp-content\\\/uploads\\\/2022\\\/09\\\/TPUE.png\",\"width\":219,\"height\":117},{\"@type\":\"BreadcrumbList\",\"@id\":\"https:\\\/\\\/caplds.cz\\\/index.php\\\/spolupracujici\\\/#breadcrumb\",\"itemListElement\":[{\"@type\":\"ListItem\",\"position\":1,\"name\":\"Dom\u016f\",\"item\":\"https:\\\/\\\/caplds.cz\\\/\"},{\"@type\":\"ListItem\",\"position\":2,\"name\":\"Spolupracuj\u00edc\u00ed\"}]},{\"@type\":\"WebSite\",\"@id\":\"https:\\\/\\\/caplds.cz\\\/#website\",\"url\":\"https:\\\/\\\/caplds.cz\\\/\",\"name\":\"\u010cesk\u00e1 asociace provozovatel\u016f LDS\",\"description\":\"\",\"publisher\":{\"@id\":\"https:\\\/\\\/caplds.cz\\\/#organization\"},\"potentialAction\":[{\"@type\":\"SearchAction\",\"target\":{\"@type\":\"EntryPoint\",\"urlTemplate\":\"https:\\\/\\\/caplds.cz\\\/?s={search_term_string}\"},\"query-input\":{\"@type\":\"PropertyValueSpecification\",\"valueRequired\":true,\"valueName\":\"search_term_string\"}}],\"inLanguage\":\"cs\"},{\"@type\":\"Organization\",\"@id\":\"https:\\\/\\\/caplds.cz\\\/#organization\",\"name\":\"\u010cesk\u00e1 asociace provozovatel\u016f LDS\",\"url\":\"https:\\\/\\\/caplds.cz\\\/\",\"logo\":{\"@type\":\"ImageObject\",\"inLanguage\":\"cs\",\"@id\":\"https:\\\/\\\/caplds.cz\\\/#\\\/schema\\\/logo\\\/image\\\/\",\"url\":\"https:\\\/\\\/caplds.cz\\\/wp-content\\\/uploads\\\/2020\\\/06\\\/logom.png\",\"contentUrl\":\"https:\\\/\\\/caplds.cz\\\/wp-content\\\/uploads\\\/2020\\\/06\\\/logom.png\",\"width\":146,\"height\":48,\"caption\":\"\u010cesk\u00e1 asociace provozovatel\u016f LDS\"},\"image\":{\"@id\":\"https:\\\/\\\/caplds.cz\\\/#\\\/schema\\\/logo\\\/image\\\/\"}}]}<\/script>\n<!-- \/ Yoast SEO plugin. -->","yoast_head_json":{"title":"Spolupracuj\u00edc\u00ed - \u010cesk\u00e1 asociace provozovatel\u016f LDS","robots":{"index":"index","follow":"follow","max-snippet":"max-snippet:-1","max-image-preview":"max-image-preview:large","max-video-preview":"max-video-preview:-1"},"canonical":"https:\/\/caplds.cz\/index.php\/spolupracujici\/","og_locale":"cs_CZ","og_type":"article","og_title":"Spolupracuj\u00edc\u00ed - \u010cesk\u00e1 asociace provozovatel\u016f LDS","og_description":"Spolupracujeme s&nbsp;n\u00e1sleduj\u00edc\u00edmi spole\u010dnostmi: OSDNEE","og_url":"https:\/\/caplds.cz\/index.php\/spolupracujici\/","og_site_name":"\u010cesk\u00e1 asociace provozovatel\u016f LDS","article_modified_time":"2024-02-14T19:09:18+00:00","og_image":[{"url":"https:\/\/caplds.cz\/wp-content\/uploads\/2022\/09\/TPUE.png","type":"","width":"","height":""}],"twitter_card":"summary_large_image","twitter_misc":{"Odhadovan\u00e1 doba \u010dten\u00ed":"2 minuty"},"schema":{"@context":"https:\/\/schema.org","@graph":[{"@type":"WebPage","@id":"https:\/\/caplds.cz\/index.php\/spolupracujici\/","url":"https:\/\/caplds.cz\/index.php\/spolupracujici\/","name":"Spolupracuj\u00edc\u00ed - \u010cesk\u00e1 asociace provozovatel\u016f LDS","isPartOf":{"@id":"https:\/\/caplds.cz\/#website"},"primaryImageOfPage":{"@id":"https:\/\/caplds.cz\/index.php\/spolupracujici\/#primaryimage"},"image":{"@id":"https:\/\/caplds.cz\/index.php\/spolupracujici\/#primaryimage"},"thumbnailUrl":"https:\/\/caplds.cz\/wp-content\/uploads\/2022\/09\/TPUE.png","datePublished":"2022-09-07T20:52:46+00:00","dateModified":"2024-02-14T19:09:18+00:00","breadcrumb":{"@id":"https:\/\/caplds.cz\/index.php\/spolupracujici\/#breadcrumb"},"inLanguage":"cs","potentialAction":[{"@type":"ReadAction","target":["https:\/\/caplds.cz\/index.php\/spolupracujici\/"]}]},{"@type":"ImageObject","inLanguage":"cs","@id":"https:\/\/caplds.cz\/index.php\/spolupracujici\/#primaryimage","url":"https:\/\/caplds.cz\/wp-content\/uploads\/2022\/09\/TPUE.png","contentUrl":"https:\/\/caplds.cz\/wp-content\/uploads\/2022\/09\/TPUE.png","width":219,"height":117},{"@type":"BreadcrumbList","@id":"https:\/\/caplds.cz\/index.php\/spolupracujici\/#breadcrumb","itemListElement":[{"@type":"ListItem","position":1,"name":"Dom\u016f","item":"https:\/\/caplds.cz\/"},{"@type":"ListItem","position":2,"name":"Spolupracuj\u00edc\u00ed"}]},{"@type":"WebSite","@id":"https:\/\/caplds.cz\/#website","url":"https:\/\/caplds.cz\/","name":"\u010cesk\u00e1 asociace provozovatel\u016f LDS","description":"","publisher":{"@id":"https:\/\/caplds.cz\/#organization"},"potentialAction":[{"@type":"SearchAction","target":{"@type":"EntryPoint","urlTemplate":"https:\/\/caplds.cz\/?s={search_term_string}"},"query-input":{"@type":"PropertyValueSpecification","valueRequired":true,"valueName":"search_term_string"}}],"inLanguage":"cs"},{"@type":"Organization","@id":"https:\/\/caplds.cz\/#organization","name":"\u010cesk\u00e1 asociace provozovatel\u016f LDS","url":"https:\/\/caplds.cz\/","logo":{"@type":"ImageObject","inLanguage":"cs","@id":"https:\/\/caplds.cz\/#\/schema\/logo\/image\/","url":"https:\/\/caplds.cz\/wp-content\/uploads\/2020\/06\/logom.png","contentUrl":"https:\/\/caplds.cz\/wp-content\/uploads\/2020\/06\/logom.png","width":146,"height":48,"caption":"\u010cesk\u00e1 asociace provozovatel\u016f LDS"},"image":{"@id":"https:\/\/caplds.cz\/#\/schema\/logo\/image\/"}}]}},"_links":{"self":[{"href":"https:\/\/caplds.cz\/index.php\/wp-json\/wp\/v2\/pages\/2484","targetHints":{"allow":["GET"]}}],"collection":[{"href":"https:\/\/caplds.cz\/index.php\/wp-json\/wp\/v2\/pages"}],"about":[{"href":"https:\/\/caplds.cz\/index.php\/wp-json\/wp\/v2\/types\/page"}],"author":[{"embeddable":true,"href":"https:\/\/caplds.cz\/index.php\/wp-json\/wp\/v2\/users\/2"}],"replies":[{"embeddable":true,"href":"https:\/\/caplds.cz\/index.php\/wp-json\/wp\/v2\/comments?post=2484"}],"version-history":[{"count":7,"href":"https:\/\/caplds.cz\/index.php\/wp-json\/wp\/v2\/pages\/2484\/revisions"}],"predecessor-version":[{"id":3770,"href":"https:\/\/caplds.cz\/index.php\/wp-json\/wp\/v2\/pages\/2484\/revisions\/3770"}],"wp:attachment":[{"href":"https:\/\/caplds.cz\/index.php\/wp-json\/wp\/v2\/media?parent=2484"}],"curies":[{"name":"wp","href":"https:\/\/api.w.org\/{rel}","templated":true}]}}