{"id":51,"date":"2020-06-27T20:56:17","date_gmt":"2020-06-27T18:56:17","guid":{"rendered":"http:\/\/caplds.cz\/?page_id=51"},"modified":"2020-06-27T20:56:33","modified_gmt":"2020-06-27T18:56:33","slug":"diskuze","status":"publish","type":"page","link":"https:\/\/caplds.cz\/index.php\/diskuze\/","title":{"rendered":"Diskuze"},"content":{"rendered":"\n\n<div id=\"bbpress-forums\" class=\"bbpress-wrapper\">\n\n\t\n\t<div class=\"bbp-search-form\">\n\t\t<form role=\"search\" method=\"get\" id=\"bbp-search-form\">\n\t\t\t<div>\n\t\t\t\t<label class=\"screen-reader-text hidden\" for=\"bbp_search\">Hledat:<\/label>\n\t\t\t\t<input type=\"hidden\" name=\"action\" value=\"bbp-search-request\" \/>\n\t\t\t\t<input type=\"text\" value=\"\" name=\"bbp_search\" id=\"bbp_search\" \/>\n\t\t\t\t<input class=\"button\" type=\"submit\" id=\"bbp_search_submit\" value=\"Hledat\" \/>\n\t\t\t<\/div>\n\t\t<\/form>\n\t<\/div>\n\n\n\t<div class=\"bbp-breadcrumb\"><p><a href=\"https:\/\/caplds.cz\" class=\"bbp-breadcrumb-home\">\u00davodn\u00ed str\u00e1nka<\/a> <span class=\"bbp-breadcrumb-sep\">&rsaquo;<\/span> <span class=\"bbp-breadcrumb-current\">F\u00f3ra<\/span><\/p><\/div>\n\t\n\t\n\t\n\t\t\n<ul id=\"forums-list-0\" class=\"bbp-forums\">\n\n\t<li class=\"bbp-header\">\n\n\t\t<ul class=\"forum-titles\">\n\t\t\t<li class=\"bbp-forum-info\">F\u00f3rum<\/li>\n\t\t\t<li class=\"bbp-forum-topic-count\">T\u00e9mata<\/li>\n\t\t\t<li class=\"bbp-forum-reply-count\">P\u0159\u00edsp\u011bvky<\/li>\n\t\t\t<li class=\"bbp-forum-freshness\">Posledn\u00ed p\u0159\u00edsp\u011bvek<\/li>\n\t\t<\/ul>\n\n\t<\/li><!-- .bbp-header -->\n\n\t<li class=\"bbp-body\">\n\n\t\t\n\t\t\t\n<ul id=\"bbp-forum-46\" class=\"loop-item-0 bbp-forum-status-open bbp-forum-visibility-publish odd  post-46 forum type-forum status-publish hentry entry\">\n\t<li class=\"bbp-forum-info\">\n\n\t\t\n\t\t\n\t\t<a class=\"bbp-forum-title\" href=\"https:\/\/caplds.cz\/index.php\/forums\/forum\/diskuze\/\">Ot\u00e1zky a odpov\u011bdi<\/a>\n\n\t\t\n\t\t\n\t\t<div class=\"bbp-forum-content\"><\/div>\n\n\t\t\n\t\t\n\t\t\n\t\t\n\t\t\n\t<\/li>\n\n\t<li class=\"bbp-forum-topic-count\">26<\/li>\n\n\t<li class=\"bbp-forum-reply-count\">48<\/li>\n\n\t<li class=\"bbp-forum-freshness\">\n\n\t\t\n\t\t<a href=\"https:\/\/caplds.cz\/index.php\/forums\/topic\/prosba-o-konzultaci-ohledne-polozky-platba-za-nesitovou-infrastrukturu\/\" title=\"Prosba o konzultaci ohledn\u011b polo\u017eky &#8222;platba za nes\u00ed\u0165ovou infrastrukturu&#8220;\">p\u0159ed 1 rokem a 10 m\u011bs\u00edci<\/a>\n\t\t\n\t\t<p class=\"bbp-topic-meta\">\n\n\t\t\t\n\t\t\t<span class=\"bbp-topic-freshness-author\"><a href=\"https:\/\/caplds.cz\/index.php\/forums\/users\/redaktor\/\" title=\"Zobrazit profil u\u017eivatele redaktor\" class=\"bbp-author-link\"><span  class=\"bbp-author-avatar\"><img alt='' src='https:\/\/secure.gravatar.com\/avatar\/f4b90630998fbe02d6de747a2e68fc01e0854ca0c240c4fb80656d91b320cf95?s=14&#038;d=mm&#038;r=g' srcset='https:\/\/secure.gravatar.com\/avatar\/f4b90630998fbe02d6de747a2e68fc01e0854ca0c240c4fb80656d91b320cf95?s=28&#038;d=mm&#038;r=g 2x' class='avatar avatar-14 photo' height='14' width='14' \/><\/span><span  class=\"bbp-author-name\">redaktor<\/span><\/a><\/span>\n\n\t\t\t\n\t\t<\/p>\n\t<\/li>\n<\/ul><!-- #bbp-forum-46 -->\n\n\t\t\n\t<\/li><!-- .bbp-body -->\n\n\t<li class=\"bbp-footer\">\n\n\t\t<div class=\"tr\">\n\t\t\t<p class=\"td colspan4\">&nbsp;<\/p>\n\t\t<\/div><!-- .tr -->\n\n\t<\/li><!-- .bbp-footer -->\n\n<\/ul><!-- .forums-directory -->\n\n\n\t\n\t\n<\/div>\n\n\n\n\n<p><\/p>\n","protected":false},"excerpt":{"rendered":"","protected":false},"author":1,"featured_media":0,"parent":0,"menu_order":0,"comment_status":"closed","ping_status":"closed","template":"","meta":{"_bbp_topic_count":0,"_bbp_reply_count":0,"_bbp_total_topic_count":0,"_bbp_total_reply_count":0,"_bbp_voice_count":0,"_bbp_anonymous_reply_count":0,"_bbp_topic_count_hidden":0,"_bbp_reply_count_hidden":0,"_bbp_forum_subforum_count":0,"footnotes":""},"class_list":["post-51","page","type-page","status-publish","hentry","entry"],"yoast_head":"<!-- This site is optimized with the Yoast SEO plugin v27.3 - https:\/\/yoast.com\/product\/yoast-seo-wordpress\/ -->\n<title>Diskuze - \u010cesk\u00e1 asociace provozovatel\u016f LDS<\/title>\n<meta name=\"robots\" content=\"index, follow, max-snippet:-1, max-image-preview:large, max-video-preview:-1\" \/>\n<link rel=\"canonical\" href=\"https:\/\/caplds.cz\/index.php\/diskuze\/\" \/>\n<meta property=\"og:locale\" content=\"cs_CZ\" \/>\n<meta property=\"og:type\" content=\"article\" \/>\n<meta property=\"og:title\" content=\"Diskuze - \u010cesk\u00e1 asociace provozovatel\u016f LDS\" \/>\n<meta property=\"og:url\" content=\"https:\/\/caplds.cz\/index.php\/diskuze\/\" \/>\n<meta property=\"og:site_name\" content=\"\u010cesk\u00e1 asociace provozovatel\u016f LDS\" \/>\n<meta property=\"article:modified_time\" content=\"2020-06-27T18:56:33+00:00\" \/>\n<meta name=\"twitter:card\" content=\"summary_large_image\" \/>\n<script type=\"application\/ld+json\" class=\"yoast-schema-graph\">{\"@context\":\"https:\\\/\\\/schema.org\",\"@graph\":[{\"@type\":\"WebPage\",\"@id\":\"https:\\\/\\\/caplds.cz\\\/index.php\\\/diskuze\\\/\",\"url\":\"https:\\\/\\\/caplds.cz\\\/index.php\\\/diskuze\\\/\",\"name\":\"Diskuze - \u010cesk\u00e1 asociace provozovatel\u016f LDS\",\"isPartOf\":{\"@id\":\"https:\\\/\\\/caplds.cz\\\/#website\"},\"datePublished\":\"2020-06-27T18:56:17+00:00\",\"dateModified\":\"2020-06-27T18:56:33+00:00\",\"breadcrumb\":{\"@id\":\"https:\\\/\\\/caplds.cz\\\/index.php\\\/diskuze\\\/#breadcrumb\"},\"inLanguage\":\"cs\",\"potentialAction\":[{\"@type\":\"ReadAction\",\"target\":[\"https:\\\/\\\/caplds.cz\\\/index.php\\\/diskuze\\\/\"]}]},{\"@type\":\"BreadcrumbList\",\"@id\":\"https:\\\/\\\/caplds.cz\\\/index.php\\\/diskuze\\\/#breadcrumb\",\"itemListElement\":[{\"@type\":\"ListItem\",\"position\":1,\"name\":\"Dom\u016f\",\"item\":\"https:\\\/\\\/caplds.cz\\\/\"},{\"@type\":\"ListItem\",\"position\":2,\"name\":\"Diskuze\"}]},{\"@type\":\"WebSite\",\"@id\":\"https:\\\/\\\/caplds.cz\\\/#website\",\"url\":\"https:\\\/\\\/caplds.cz\\\/\",\"name\":\"\u010cesk\u00e1 asociace provozovatel\u016f LDS\",\"description\":\"\",\"publisher\":{\"@id\":\"https:\\\/\\\/caplds.cz\\\/#organization\"},\"potentialAction\":[{\"@type\":\"SearchAction\",\"target\":{\"@type\":\"EntryPoint\",\"urlTemplate\":\"https:\\\/\\\/caplds.cz\\\/?s={search_term_string}\"},\"query-input\":{\"@type\":\"PropertyValueSpecification\",\"valueRequired\":true,\"valueName\":\"search_term_string\"}}],\"inLanguage\":\"cs\"},{\"@type\":\"Organization\",\"@id\":\"https:\\\/\\\/caplds.cz\\\/#organization\",\"name\":\"\u010cesk\u00e1 asociace provozovatel\u016f LDS\",\"url\":\"https:\\\/\\\/caplds.cz\\\/\",\"logo\":{\"@type\":\"ImageObject\",\"inLanguage\":\"cs\",\"@id\":\"https:\\\/\\\/caplds.cz\\\/#\\\/schema\\\/logo\\\/image\\\/\",\"url\":\"https:\\\/\\\/caplds.cz\\\/wp-content\\\/uploads\\\/2020\\\/06\\\/logom.png\",\"contentUrl\":\"https:\\\/\\\/caplds.cz\\\/wp-content\\\/uploads\\\/2020\\\/06\\\/logom.png\",\"width\":146,\"height\":48,\"caption\":\"\u010cesk\u00e1 asociace provozovatel\u016f LDS\"},\"image\":{\"@id\":\"https:\\\/\\\/caplds.cz\\\/#\\\/schema\\\/logo\\\/image\\\/\"}}]}<\/script>\n<!-- \/ Yoast SEO plugin. -->","yoast_head_json":{"title":"Diskuze - \u010cesk\u00e1 asociace provozovatel\u016f LDS","robots":{"index":"index","follow":"follow","max-snippet":"max-snippet:-1","max-image-preview":"max-image-preview:large","max-video-preview":"max-video-preview:-1"},"canonical":"https:\/\/caplds.cz\/index.php\/diskuze\/","og_locale":"cs_CZ","og_type":"article","og_title":"Diskuze - \u010cesk\u00e1 asociace provozovatel\u016f LDS","og_url":"https:\/\/caplds.cz\/index.php\/diskuze\/","og_site_name":"\u010cesk\u00e1 asociace provozovatel\u016f LDS","article_modified_time":"2020-06-27T18:56:33+00:00","twitter_card":"summary_large_image","schema":{"@context":"https:\/\/schema.org","@graph":[{"@type":"WebPage","@id":"https:\/\/caplds.cz\/index.php\/diskuze\/","url":"https:\/\/caplds.cz\/index.php\/diskuze\/","name":"Diskuze - \u010cesk\u00e1 asociace provozovatel\u016f LDS","isPartOf":{"@id":"https:\/\/caplds.cz\/#website"},"datePublished":"2020-06-27T18:56:17+00:00","dateModified":"2020-06-27T18:56:33+00:00","breadcrumb":{"@id":"https:\/\/caplds.cz\/index.php\/diskuze\/#breadcrumb"},"inLanguage":"cs","potentialAction":[{"@type":"ReadAction","target":["https:\/\/caplds.cz\/index.php\/diskuze\/"]}]},{"@type":"BreadcrumbList","@id":"https:\/\/caplds.cz\/index.php\/diskuze\/#breadcrumb","itemListElement":[{"@type":"ListItem","position":1,"name":"Dom\u016f","item":"https:\/\/caplds.cz\/"},{"@type":"ListItem","position":2,"name":"Diskuze"}]},{"@type":"WebSite","@id":"https:\/\/caplds.cz\/#website","url":"https:\/\/caplds.cz\/","name":"\u010cesk\u00e1 asociace provozovatel\u016f LDS","description":"","publisher":{"@id":"https:\/\/caplds.cz\/#organization"},"potentialAction":[{"@type":"SearchAction","target":{"@type":"EntryPoint","urlTemplate":"https:\/\/caplds.cz\/?s={search_term_string}"},"query-input":{"@type":"PropertyValueSpecification","valueRequired":true,"valueName":"search_term_string"}}],"inLanguage":"cs"},{"@type":"Organization","@id":"https:\/\/caplds.cz\/#organization","name":"\u010cesk\u00e1 asociace provozovatel\u016f LDS","url":"https:\/\/caplds.cz\/","logo":{"@type":"ImageObject","inLanguage":"cs","@id":"https:\/\/caplds.cz\/#\/schema\/logo\/image\/","url":"https:\/\/caplds.cz\/wp-content\/uploads\/2020\/06\/logom.png","contentUrl":"https:\/\/caplds.cz\/wp-content\/uploads\/2020\/06\/logom.png","width":146,"height":48,"caption":"\u010cesk\u00e1 asociace provozovatel\u016f LDS"},"image":{"@id":"https:\/\/caplds.cz\/#\/schema\/logo\/image\/"}}]}},"_links":{"self":[{"href":"https:\/\/caplds.cz\/index.php\/wp-json\/wp\/v2\/pages\/51","targetHints":{"allow":["GET"]}}],"collection":[{"href":"https:\/\/caplds.cz\/index.php\/wp-json\/wp\/v2\/pages"}],"about":[{"href":"https:\/\/caplds.cz\/index.php\/wp-json\/wp\/v2\/types\/page"}],"author":[{"embeddable":true,"href":"https:\/\/caplds.cz\/index.php\/wp-json\/wp\/v2\/users\/1"}],"replies":[{"embeddable":true,"href":"https:\/\/caplds.cz\/index.php\/wp-json\/wp\/v2\/comments?post=51"}],"version-history":[{"count":2,"href":"https:\/\/caplds.cz\/index.php\/wp-json\/wp\/v2\/pages\/51\/revisions"}],"predecessor-version":[{"id":53,"href":"https:\/\/caplds.cz\/index.php\/wp-json\/wp\/v2\/pages\/51\/revisions\/53"}],"wp:attachment":[{"href":"https:\/\/caplds.cz\/index.php\/wp-json\/wp\/v2\/media?parent=51"}],"curies":[{"name":"wp","href":"https:\/\/api.w.org\/{rel}","templated":true}]}}