{"id":62,"date":"2020-06-28T10:41:11","date_gmt":"2020-06-28T08:41:11","guid":{"rendered":"http:\/\/testcaplds.cz\/?page_id=62"},"modified":"2024-05-16T21:19:50","modified_gmt":"2024-05-16T19:19:50","slug":"o-nas","status":"publish","type":"page","link":"https:\/\/caplds.cz\/index.php\/o-nas\/","title":{"rendered":"O n\u00e1s"},"content":{"rendered":"\n<p>\u010cesk\u00e1 asociace provozovatel\u016f lok\u00e1ln\u00edch distribu\u010dn\u00edch soustav byla zalo\u017eena z&nbsp;iniciativy provozovatel\u016f lok\u00e1ln\u00edch soustav s&nbsp;c\u00edlem vytvo\u0159it co nejlep\u0161\u00ed technick\u00e9 a ekonomick\u00e9 podm\u00ednky pro jejich provoz a obsluhu. Asociace m\u00e1 za c\u00edl se aktivn\u011b zapojit do tvorby a p\u0159ipom\u00ednkov\u00e1n\u00ed energetick\u00fdch t\u00e9mat, kter\u00e1 souvis\u00ed s&nbsp;provozem LDS.<\/p>\n\n\n\n<p>Mezi hlavn\u00ed posl\u00e1n\u00ed asociace pat\u0159\u00ed zejm\u00e9na:<\/p>\n\n\n\n<ul class=\"wp-block-list\">\n<li>zastupovat a reprezentovat provozovatele LDS ve vztahu k&nbsp;n\u00e1rodn\u00edm a mezin\u00e1rodn\u00edm \u00fa\u0159ad\u016fm a instituc\u00edm<\/li>\n\n\n\n<li>poskytovat provozovatel\u016fm LDS informace o p\u0159ipravovan\u00fdch legislativn\u00edch a jin\u00fdch zm\u011bn\u00e1ch a umo\u017enit jim aktivn\u00ed spolupr\u00e1ci p\u0159i uplatn\u011bn\u00ed jejich p\u0159ipom\u00ednek<\/li>\n\n\n\n<li>publikovat spole\u010dn\u00e1 stanoviska provozovatel\u016f LDS a zpracov\u00e1vat jednotn\u00fd n\u00e1zor p\u0159i prosazov\u00e1n\u00ed jejich z\u00e1jm\u016f a rozvoji lok\u00e1ln\u00edch distribu\u010dn\u00edch soustav<\/li>\n\n\n\n<li>prosazovat n\u00e1zory LDS do pracovn\u00edch komis\u00ed p\u0159i projedn\u00e1v\u00e1n\u00ed pr\u00e1vn\u00edch p\u0159edpis\u016f, navazuj\u00edc\u00edch norem a regula\u010dn\u00ed agendy<\/li>\n\n\n\n<li>informovat provozovatele LDS pot\u0159ebn\u00fdch technick\u00fdch a organiza\u010dn\u00edch zm\u011bn\u00e1ch vyvolan\u00fdch v&nbsp;souvislosti se zm\u011bnami tuzemsk\u00e9ho i zahrani\u010dn\u00edho energetick\u00e9ho trhu<\/li>\n\n\n\n<li>spolupracovat s&nbsp;odborn\u00fdmi energetick\u00fdmi organizacemi, vysok\u00fdmi \u0161kolami a odborn\u00fdmi \u00fastavy p\u0159i projedn\u00e1v\u00e1n\u00ed oblast\u00ed se vztahem k&nbsp;\u010cAPLDS.<\/li>\n<\/ul>\n\n\n\n<p>\u010cAPLDS je zastupov\u00e1na v\u00fdborem asociace. P\u0159edsedou v\u00fdboru byl zvolen Petr Karafi\u00e1t z&nbsp; Alpiq Generation (CZ) s.r.o. ., \u010dleny v\u00fdboru jsou Lubo\u0161 Kr\u00e1tk\u00fd za spole\u010dnosti Spr\u00e1va \u017eelezni\u010dn\u00ed dopravn\u00ed cesty, st\u00e1tn\u00ed organizace, Pavl\u00edna Kova\u0159\u00edkov\u00e1 z&nbsp;Sokolovsk\u00e1 uheln\u00e1, pr\u00e1vn\u00ed n\u00e1stupce, a.s.,  V\u00fdkonn\u00fdm \u0159editelem spole\u010dnosti byl pov\u011b\u0159en Martin Michek.<\/p>\n\n\n\n<div class=\"wp-block-columns is-layout-flex wp-container-core-columns-is-layout-9d6595d7 wp-block-columns-is-layout-flex\">\n<div class=\"wp-block-column is-layout-flow wp-block-column-is-layout-flow\">\n<figure class=\"wp-block-image size-medium is-resized is-style-rounded\"><img loading=\"lazy\" decoding=\"async\" width=\"940\" height=\"940\" src=\"https:\/\/caplds.cz\/wp-content\/uploads\/2023\/05\/karafiat-edited.jpg\" alt=\"\" class=\"wp-image-3208\" style=\"aspect-ratio:1;object-fit:cover;width:300px\" srcset=\"https:\/\/caplds.cz\/wp-content\/uploads\/2023\/05\/karafiat-edited.jpg 940w, https:\/\/caplds.cz\/wp-content\/uploads\/2023\/05\/karafiat-edited-300x300.jpg 300w, https:\/\/caplds.cz\/wp-content\/uploads\/2023\/05\/karafiat-edited-150x150.jpg 150w, https:\/\/caplds.cz\/wp-content\/uploads\/2023\/05\/karafiat-edited-768x768.jpg 768w, https:\/\/caplds.cz\/wp-content\/uploads\/2023\/05\/karafiat-edited-100x100.jpg 100w\" sizes=\"auto, (max-width: 940px) 100vw, 940px\" \/><figcaption class=\"wp-element-caption\"><strong>Petr Karafi\u00e1t<\/strong><br>P\u0159edseda v\u00fdboru<\/figcaption><\/figure>\n<\/div>\n\n\n\n<div class=\"wp-block-column is-layout-flow wp-block-column-is-layout-flow\">\n<figure class=\"wp-block-image size-medium is-resized is-style-rounded\"><img loading=\"lazy\" decoding=\"async\" width=\"473\" height=\"473\" src=\"https:\/\/caplds.cz\/wp-content\/uploads\/2023\/05\/kratky-edited.jpg\" alt=\"\" class=\"wp-image-3207\" style=\"aspect-ratio:1;object-fit:cover;width:300px\" srcset=\"https:\/\/caplds.cz\/wp-content\/uploads\/2023\/05\/kratky-edited.jpg 473w, https:\/\/caplds.cz\/wp-content\/uploads\/2023\/05\/kratky-edited-300x300.jpg 300w, https:\/\/caplds.cz\/wp-content\/uploads\/2023\/05\/kratky-edited-150x150.jpg 150w, https:\/\/caplds.cz\/wp-content\/uploads\/2023\/05\/kratky-edited-100x100.jpg 100w\" sizes=\"auto, (max-width: 473px) 100vw, 473px\" \/><figcaption class=\"wp-element-caption\"><strong>Lubo\u0161 Kr\u00e1tk\u00fd<\/strong><br>\u010clen v\u00fdboru<\/figcaption><\/figure>\n<\/div>\n\n\n\n<div class=\"wp-block-column is-layout-flow wp-block-column-is-layout-flow\">\n<figure class=\"wp-block-image size-large is-resized is-style-rounded\"><img loading=\"lazy\" decoding=\"async\" width=\"940\" height=\"940\" src=\"https:\/\/caplds.cz\/wp-content\/uploads\/2023\/05\/kovarikova-edited.jpg\" alt=\"\" class=\"wp-image-3209\" style=\"aspect-ratio:1;object-fit:cover;width:300px\" srcset=\"https:\/\/caplds.cz\/wp-content\/uploads\/2023\/05\/kovarikova-edited.jpg 940w, https:\/\/caplds.cz\/wp-content\/uploads\/2023\/05\/kovarikova-edited-300x300.jpg 300w, https:\/\/caplds.cz\/wp-content\/uploads\/2023\/05\/kovarikova-edited-150x150.jpg 150w, https:\/\/caplds.cz\/wp-content\/uploads\/2023\/05\/kovarikova-edited-768x768.jpg 768w, https:\/\/caplds.cz\/wp-content\/uploads\/2023\/05\/kovarikova-edited-100x100.jpg 100w\" sizes=\"auto, (max-width: 940px) 100vw, 940px\" \/><figcaption class=\"wp-element-caption\"><strong>Pavl\u00edna Kova\u0159\u00edkov\u00e1<\/strong><br>\u010clen v\u00fdboru<\/figcaption><\/figure>\n<\/div>\n<\/div>\n\n\n\n<div class=\"wp-block-columns is-layout-flex wp-container-core-columns-is-layout-9d6595d7 wp-block-columns-is-layout-flex\">\n<div class=\"wp-block-column is-layout-flow wp-block-column-is-layout-flow\">\n<figure class=\"wp-block-image size-full is-resized is-style-rounded\"><img loading=\"lazy\" decoding=\"async\" width=\"1067\" height=\"1067\" src=\"https:\/\/caplds.cz\/wp-content\/uploads\/2024\/05\/jasensky.jpg\" alt=\"\" class=\"wp-image-3945\" style=\"aspect-ratio:1;object-fit:cover;width:300px\" srcset=\"https:\/\/caplds.cz\/wp-content\/uploads\/2024\/05\/jasensky.jpg 1067w, https:\/\/caplds.cz\/wp-content\/uploads\/2024\/05\/jasensky-300x300.jpg 300w, https:\/\/caplds.cz\/wp-content\/uploads\/2024\/05\/jasensky-1024x1024.jpg 1024w, https:\/\/caplds.cz\/wp-content\/uploads\/2024\/05\/jasensky-150x150.jpg 150w, https:\/\/caplds.cz\/wp-content\/uploads\/2024\/05\/jasensky-768x768.jpg 768w, https:\/\/caplds.cz\/wp-content\/uploads\/2024\/05\/jasensky-100x100.jpg 100w\" sizes=\"auto, (max-width: 1067px) 100vw, 1067px\" \/><figcaption class=\"wp-element-caption\"><strong>Filip Jasensk\u00fd<\/strong><br>\u010clen v\u00fdboru<\/figcaption><\/figure>\n<\/div>\n\n\n\n<div class=\"wp-block-column is-layout-flow wp-block-column-is-layout-flow\">\n<p><\/p>\n<\/div>\n\n\n\n<div class=\"wp-block-column is-layout-flow wp-block-column-is-layout-flow\">\n<figure class=\"wp-block-image is-resized is-style-rounded\"><img loading=\"lazy\" decoding=\"async\" width=\"140\" height=\"140\" src=\"https:\/\/caplds.cz\/wp-content\/uploads\/2023\/05\/michek-edited.jpg\" alt=\"\" class=\"wp-image-3210\" style=\"aspect-ratio:1;object-fit:cover;width:300px\" srcset=\"https:\/\/caplds.cz\/wp-content\/uploads\/2023\/05\/michek-edited.jpg 140w, https:\/\/caplds.cz\/wp-content\/uploads\/2023\/05\/michek-edited-100x100.jpg 100w\" sizes=\"auto, (max-width: 140px) 100vw, 140px\" \/><figcaption class=\"wp-element-caption\"><strong>Martin Michek<\/strong><br>V\u00fdkonn\u00fd \u0159editel<\/figcaption><\/figure>\n<\/div>\n<\/div>\n\n\n\n<p><\/p>\n","protected":false},"excerpt":{"rendered":"<p>\u010cesk\u00e1 asociace provozovatel\u016f lok\u00e1ln\u00edch distribu\u010dn\u00edch soustav byla zalo\u017eena z&nbsp;iniciativy provozovatel\u016f lok\u00e1ln\u00edch soustav s&nbsp;c\u00edlem vytvo\u0159it co nejlep\u0161\u00ed technick\u00e9 a ekonomick\u00e9 podm\u00ednky pro jejich provoz a obsluhu. Asociace m\u00e1 za c\u00edl se&#8230;<\/p>\n","protected":false},"author":2,"featured_media":0,"parent":0,"menu_order":0,"comment_status":"closed","ping_status":"closed","template":"","meta":{"_bbp_topic_count":0,"_bbp_reply_count":0,"_bbp_total_topic_count":0,"_bbp_total_reply_count":0,"_bbp_voice_count":0,"_bbp_anonymous_reply_count":0,"_bbp_topic_count_hidden":0,"_bbp_reply_count_hidden":0,"_bbp_forum_subforum_count":0,"footnotes":""},"class_list":["post-62","page","type-page","status-publish","hentry","entry"],"yoast_head":"<!-- This site is optimized with the Yoast SEO plugin v27.4 - https:\/\/yoast.com\/product\/yoast-seo-wordpress\/ -->\n<title>O n\u00e1s - \u010cesk\u00e1 asociace provozovatel\u016f LDS<\/title>\n<meta name=\"robots\" content=\"index, follow, max-snippet:-1, max-image-preview:large, max-video-preview:-1\" \/>\n<link rel=\"canonical\" href=\"https:\/\/caplds.cz\/index.php\/o-nas\/\" \/>\n<meta property=\"og:locale\" content=\"cs_CZ\" \/>\n<meta property=\"og:type\" content=\"article\" \/>\n<meta property=\"og:title\" content=\"O n\u00e1s - \u010cesk\u00e1 asociace provozovatel\u016f LDS\" \/>\n<meta property=\"og:description\" content=\"\u010cesk\u00e1 asociace provozovatel\u016f lok\u00e1ln\u00edch distribu\u010dn\u00edch soustav byla zalo\u017eena z&nbsp;iniciativy provozovatel\u016f lok\u00e1ln\u00edch soustav s&nbsp;c\u00edlem vytvo\u0159it co nejlep\u0161\u00ed technick\u00e9 a ekonomick\u00e9 podm\u00ednky pro jejich provoz a obsluhu. Asociace m\u00e1 za c\u00edl se&#8230;\" \/>\n<meta property=\"og:url\" content=\"https:\/\/caplds.cz\/index.php\/o-nas\/\" \/>\n<meta property=\"og:site_name\" content=\"\u010cesk\u00e1 asociace provozovatel\u016f LDS\" \/>\n<meta property=\"article:modified_time\" content=\"2024-05-16T19:19:50+00:00\" \/>\n<meta property=\"og:image\" content=\"https:\/\/caplds.cz\/wp-content\/uploads\/2023\/05\/karafiat-edited.jpg\" \/>\n<meta name=\"twitter:card\" content=\"summary_large_image\" \/>\n<meta name=\"twitter:label1\" content=\"Odhadovan\u00e1 doba \u010dten\u00ed\" \/>\n\t<meta name=\"twitter:data1\" content=\"3 minuty\" \/>\n<script type=\"application\/ld+json\" class=\"yoast-schema-graph\">{\"@context\":\"https:\\\/\\\/schema.org\",\"@graph\":[{\"@type\":\"WebPage\",\"@id\":\"https:\\\/\\\/caplds.cz\\\/index.php\\\/o-nas\\\/\",\"url\":\"https:\\\/\\\/caplds.cz\\\/index.php\\\/o-nas\\\/\",\"name\":\"O n\u00e1s - \u010cesk\u00e1 asociace provozovatel\u016f LDS\",\"isPartOf\":{\"@id\":\"https:\\\/\\\/caplds.cz\\\/#website\"},\"primaryImageOfPage\":{\"@id\":\"https:\\\/\\\/caplds.cz\\\/index.php\\\/o-nas\\\/#primaryimage\"},\"image\":{\"@id\":\"https:\\\/\\\/caplds.cz\\\/index.php\\\/o-nas\\\/#primaryimage\"},\"thumbnailUrl\":\"https:\\\/\\\/caplds.cz\\\/wp-content\\\/uploads\\\/2023\\\/05\\\/karafiat-edited.jpg\",\"datePublished\":\"2020-06-28T08:41:11+00:00\",\"dateModified\":\"2024-05-16T19:19:50+00:00\",\"breadcrumb\":{\"@id\":\"https:\\\/\\\/caplds.cz\\\/index.php\\\/o-nas\\\/#breadcrumb\"},\"inLanguage\":\"cs\",\"potentialAction\":[{\"@type\":\"ReadAction\",\"target\":[\"https:\\\/\\\/caplds.cz\\\/index.php\\\/o-nas\\\/\"]}]},{\"@type\":\"ImageObject\",\"inLanguage\":\"cs\",\"@id\":\"https:\\\/\\\/caplds.cz\\\/index.php\\\/o-nas\\\/#primaryimage\",\"url\":\"https:\\\/\\\/caplds.cz\\\/wp-content\\\/uploads\\\/2023\\\/05\\\/karafiat-edited.jpg\",\"contentUrl\":\"https:\\\/\\\/caplds.cz\\\/wp-content\\\/uploads\\\/2023\\\/05\\\/karafiat-edited.jpg\",\"width\":940,\"height\":940},{\"@type\":\"BreadcrumbList\",\"@id\":\"https:\\\/\\\/caplds.cz\\\/index.php\\\/o-nas\\\/#breadcrumb\",\"itemListElement\":[{\"@type\":\"ListItem\",\"position\":1,\"name\":\"Dom\u016f\",\"item\":\"https:\\\/\\\/caplds.cz\\\/\"},{\"@type\":\"ListItem\",\"position\":2,\"name\":\"O n\u00e1s\"}]},{\"@type\":\"WebSite\",\"@id\":\"https:\\\/\\\/caplds.cz\\\/#website\",\"url\":\"https:\\\/\\\/caplds.cz\\\/\",\"name\":\"\u010cesk\u00e1 asociace provozovatel\u016f LDS\",\"description\":\"\",\"publisher\":{\"@id\":\"https:\\\/\\\/caplds.cz\\\/#organization\"},\"potentialAction\":[{\"@type\":\"SearchAction\",\"target\":{\"@type\":\"EntryPoint\",\"urlTemplate\":\"https:\\\/\\\/caplds.cz\\\/?s={search_term_string}\"},\"query-input\":{\"@type\":\"PropertyValueSpecification\",\"valueRequired\":true,\"valueName\":\"search_term_string\"}}],\"inLanguage\":\"cs\"},{\"@type\":\"Organization\",\"@id\":\"https:\\\/\\\/caplds.cz\\\/#organization\",\"name\":\"\u010cesk\u00e1 asociace provozovatel\u016f LDS\",\"url\":\"https:\\\/\\\/caplds.cz\\\/\",\"logo\":{\"@type\":\"ImageObject\",\"inLanguage\":\"cs\",\"@id\":\"https:\\\/\\\/caplds.cz\\\/#\\\/schema\\\/logo\\\/image\\\/\",\"url\":\"https:\\\/\\\/caplds.cz\\\/wp-content\\\/uploads\\\/2020\\\/06\\\/logom.png\",\"contentUrl\":\"https:\\\/\\\/caplds.cz\\\/wp-content\\\/uploads\\\/2020\\\/06\\\/logom.png\",\"width\":146,\"height\":48,\"caption\":\"\u010cesk\u00e1 asociace provozovatel\u016f LDS\"},\"image\":{\"@id\":\"https:\\\/\\\/caplds.cz\\\/#\\\/schema\\\/logo\\\/image\\\/\"}}]}<\/script>\n<!-- \/ Yoast SEO plugin. -->","yoast_head_json":{"title":"O n\u00e1s - \u010cesk\u00e1 asociace provozovatel\u016f LDS","robots":{"index":"index","follow":"follow","max-snippet":"max-snippet:-1","max-image-preview":"max-image-preview:large","max-video-preview":"max-video-preview:-1"},"canonical":"https:\/\/caplds.cz\/index.php\/o-nas\/","og_locale":"cs_CZ","og_type":"article","og_title":"O n\u00e1s - \u010cesk\u00e1 asociace provozovatel\u016f LDS","og_description":"\u010cesk\u00e1 asociace provozovatel\u016f lok\u00e1ln\u00edch distribu\u010dn\u00edch soustav byla zalo\u017eena z&nbsp;iniciativy provozovatel\u016f lok\u00e1ln\u00edch soustav s&nbsp;c\u00edlem vytvo\u0159it co nejlep\u0161\u00ed technick\u00e9 a ekonomick\u00e9 podm\u00ednky pro jejich provoz a obsluhu. Asociace m\u00e1 za c\u00edl se&#8230;","og_url":"https:\/\/caplds.cz\/index.php\/o-nas\/","og_site_name":"\u010cesk\u00e1 asociace provozovatel\u016f LDS","article_modified_time":"2024-05-16T19:19:50+00:00","og_image":[{"url":"https:\/\/caplds.cz\/wp-content\/uploads\/2023\/05\/karafiat-edited.jpg","type":"","width":"","height":""}],"twitter_card":"summary_large_image","twitter_misc":{"Odhadovan\u00e1 doba \u010dten\u00ed":"3 minuty"},"schema":{"@context":"https:\/\/schema.org","@graph":[{"@type":"WebPage","@id":"https:\/\/caplds.cz\/index.php\/o-nas\/","url":"https:\/\/caplds.cz\/index.php\/o-nas\/","name":"O n\u00e1s - \u010cesk\u00e1 asociace provozovatel\u016f LDS","isPartOf":{"@id":"https:\/\/caplds.cz\/#website"},"primaryImageOfPage":{"@id":"https:\/\/caplds.cz\/index.php\/o-nas\/#primaryimage"},"image":{"@id":"https:\/\/caplds.cz\/index.php\/o-nas\/#primaryimage"},"thumbnailUrl":"https:\/\/caplds.cz\/wp-content\/uploads\/2023\/05\/karafiat-edited.jpg","datePublished":"2020-06-28T08:41:11+00:00","dateModified":"2024-05-16T19:19:50+00:00","breadcrumb":{"@id":"https:\/\/caplds.cz\/index.php\/o-nas\/#breadcrumb"},"inLanguage":"cs","potentialAction":[{"@type":"ReadAction","target":["https:\/\/caplds.cz\/index.php\/o-nas\/"]}]},{"@type":"ImageObject","inLanguage":"cs","@id":"https:\/\/caplds.cz\/index.php\/o-nas\/#primaryimage","url":"https:\/\/caplds.cz\/wp-content\/uploads\/2023\/05\/karafiat-edited.jpg","contentUrl":"https:\/\/caplds.cz\/wp-content\/uploads\/2023\/05\/karafiat-edited.jpg","width":940,"height":940},{"@type":"BreadcrumbList","@id":"https:\/\/caplds.cz\/index.php\/o-nas\/#breadcrumb","itemListElement":[{"@type":"ListItem","position":1,"name":"Dom\u016f","item":"https:\/\/caplds.cz\/"},{"@type":"ListItem","position":2,"name":"O n\u00e1s"}]},{"@type":"WebSite","@id":"https:\/\/caplds.cz\/#website","url":"https:\/\/caplds.cz\/","name":"\u010cesk\u00e1 asociace provozovatel\u016f LDS","description":"","publisher":{"@id":"https:\/\/caplds.cz\/#organization"},"potentialAction":[{"@type":"SearchAction","target":{"@type":"EntryPoint","urlTemplate":"https:\/\/caplds.cz\/?s={search_term_string}"},"query-input":{"@type":"PropertyValueSpecification","valueRequired":true,"valueName":"search_term_string"}}],"inLanguage":"cs"},{"@type":"Organization","@id":"https:\/\/caplds.cz\/#organization","name":"\u010cesk\u00e1 asociace provozovatel\u016f LDS","url":"https:\/\/caplds.cz\/","logo":{"@type":"ImageObject","inLanguage":"cs","@id":"https:\/\/caplds.cz\/#\/schema\/logo\/image\/","url":"https:\/\/caplds.cz\/wp-content\/uploads\/2020\/06\/logom.png","contentUrl":"https:\/\/caplds.cz\/wp-content\/uploads\/2020\/06\/logom.png","width":146,"height":48,"caption":"\u010cesk\u00e1 asociace provozovatel\u016f LDS"},"image":{"@id":"https:\/\/caplds.cz\/#\/schema\/logo\/image\/"}}]}},"_links":{"self":[{"href":"https:\/\/caplds.cz\/index.php\/wp-json\/wp\/v2\/pages\/62","targetHints":{"allow":["GET"]}}],"collection":[{"href":"https:\/\/caplds.cz\/index.php\/wp-json\/wp\/v2\/pages"}],"about":[{"href":"https:\/\/caplds.cz\/index.php\/wp-json\/wp\/v2\/types\/page"}],"author":[{"embeddable":true,"href":"https:\/\/caplds.cz\/index.php\/wp-json\/wp\/v2\/users\/2"}],"replies":[{"embeddable":true,"href":"https:\/\/caplds.cz\/index.php\/wp-json\/wp\/v2\/comments?post=62"}],"version-history":[{"count":18,"href":"https:\/\/caplds.cz\/index.php\/wp-json\/wp\/v2\/pages\/62\/revisions"}],"predecessor-version":[{"id":3952,"href":"https:\/\/caplds.cz\/index.php\/wp-json\/wp\/v2\/pages\/62\/revisions\/3952"}],"wp:attachment":[{"href":"https:\/\/caplds.cz\/index.php\/wp-json\/wp\/v2\/media?parent=62"}],"curies":[{"name":"wp","href":"https:\/\/api.w.org\/{rel}","templated":true}]}}