{"id":66,"date":"2020-06-28T11:03:18","date_gmt":"2020-06-28T09:03:18","guid":{"rendered":"http:\/\/testcaplds.cz\/?page_id=66"},"modified":"2025-03-27T03:43:25","modified_gmt":"2025-03-27T02:43:25","slug":"kontakt","status":"publish","type":"page","link":"https:\/\/caplds.cz\/index.php\/kontakt\/","title":{"rendered":"Kontakt"},"content":{"rendered":"\n<p><strong>\u010cesk\u00e1 asociace provozovatel\u016f lok\u00e1ln\u00edch distribu\u010dn\u00edch soustav, z.s.<\/strong><br>Pernerova 2870\/2b<br>130&nbsp;00, Praha 3 &#8211; \u017di\u017ekov\u00a0<br>I\u010c:\u00a004913221<br><a href=\"http:\/\/www.caplds.cz\">www.caplds.cz<\/a><\/p>\n\n\n\n<div class=\"wp-block-media-text alignwide has-media-on-the-right is-stacked-on-mobile is-image-fill-element\" style=\"grid-template-columns:auto 35%\"><div class=\"wp-block-media-text__content\">\n<h4 class=\"wp-block-heading\">Kontaktn\u00ed osoba<\/h4>\n\n\n\n<p>v\u00fdkonn\u00fd \u0159editel<br>Martin Michek<\/p>\n\n\n\n<p><a href=\"mailto:martin.michek@caplds.cz\">martin.michek@caplds.cz<\/a><\/p>\n\n\n\n<p>+420&nbsp;606&nbsp;640&nbsp;374<\/p>\n<\/div><figure class=\"wp-block-media-text__media\"><img loading=\"lazy\" decoding=\"async\" width=\"140\" height=\"150\" src=\"https:\/\/caplds.cz\/wp-content\/uploads\/2020\/08\/michek.jpg\" alt=\"\" class=\"wp-image-1055 size-full\" style=\"object-position:50% 50%\"\/><\/figure><\/div>\n\n\n\n<h4 class=\"wp-block-heading\">sekretari\u00e1t<\/h4>\n\n\n\n<p>email:&nbsp; <a href=\"mailto:info@caplds.cz\">info@caplds.cz<\/a><\/p>\n\n\n\n<div class=\"wp-block-media-text alignwide has-media-on-the-right is-stacked-on-mobile is-image-fill-element\" style=\"grid-template-columns:auto 35%\"><div class=\"wp-block-media-text__content\">\n<h4 class=\"wp-block-heading\">P\u0159edseda v\u00fdboru<\/h4>\n\n\n\n<p>Petr Karafi\u00e1t<\/p>\n\n\n\n<p><a href=\"mailto:petr.karafiat@caplds.cz\">petr.karafiat@caplds.cz<\/a><\/p>\n<\/div><figure class=\"wp-block-media-text__media\"><img loading=\"lazy\" decoding=\"async\" width=\"940\" height=\"1007\" src=\"https:\/\/caplds.cz\/wp-content\/uploads\/2020\/08\/karafiat.jpg\" alt=\"\" class=\"wp-image-1053 size-full\" style=\"object-position:50% 68%\" srcset=\"https:\/\/caplds.cz\/wp-content\/uploads\/2020\/08\/karafiat.jpg 940w, https:\/\/caplds.cz\/wp-content\/uploads\/2020\/08\/karafiat-280x300.jpg 280w, https:\/\/caplds.cz\/wp-content\/uploads\/2020\/08\/karafiat-768x823.jpg 768w\" sizes=\"auto, (max-width: 940px) 100vw, 940px\" \/><\/figure><\/div>\n\n\n\n<div class=\"wp-block-media-text alignwide has-media-on-the-right is-stacked-on-mobile is-image-fill-element\" style=\"grid-template-columns:auto 35%\"><div class=\"wp-block-media-text__content\">\n<h4 class=\"wp-block-heading\">\u010clen v\u00fdboru<\/h4>\n\n\n\n<p>Lubo\u0161 Kr\u00e1tk\u00fd<\/p>\n\n\n\n<p><a href=\"mailto:lubos.kratky@caplds.cz\">lubos.kratky@caplds.cz<\/a><\/p>\n<\/div><figure class=\"wp-block-media-text__media\"><img loading=\"lazy\" decoding=\"async\" width=\"225\" height=\"300\" src=\"https:\/\/caplds.cz\/wp-content\/uploads\/2020\/08\/kratky-225x300.jpg\" alt=\"\" class=\"wp-image-1050 size-medium\" style=\"object-position:50% 10%\" srcset=\"https:\/\/caplds.cz\/wp-content\/uploads\/2020\/08\/kratky-225x300.jpg 225w, https:\/\/caplds.cz\/wp-content\/uploads\/2020\/08\/kratky.jpg 473w\" sizes=\"auto, (max-width: 225px) 100vw, 225px\" \/><\/figure><\/div>\n\n\n\n<div class=\"wp-block-media-text alignwide has-media-on-the-right is-stacked-on-mobile is-image-fill-element\" style=\"grid-template-columns:auto 35%\"><div class=\"wp-block-media-text__content\">\n<h4 class=\"wp-block-heading\">\u010clen v\u00fdboru<\/h4>\n\n\n\n<p>Pavl\u00edna Kova\u0159\u00edkov\u00e1<\/p>\n\n\n\n<p><a href=\"mailto:pavlina.kovarikova@caplds.cz\">pavlina.kovarikova@caplds.cz<\/a><\/p>\n<\/div><figure class=\"wp-block-media-text__media\"><img loading=\"lazy\" decoding=\"async\" width=\"277\" height=\"300\" src=\"https:\/\/caplds.cz\/wp-content\/uploads\/2020\/08\/kovarikova-277x300.jpg\" alt=\"\" class=\"wp-image-1052 size-medium\" style=\"object-position:50% 84%\" srcset=\"https:\/\/caplds.cz\/wp-content\/uploads\/2020\/08\/kovarikova-277x300.jpg 277w, https:\/\/caplds.cz\/wp-content\/uploads\/2020\/08\/kovarikova-768x831.jpg 768w, https:\/\/caplds.cz\/wp-content\/uploads\/2020\/08\/kovarikova.jpg 940w\" sizes=\"auto, (max-width: 277px) 100vw, 277px\" \/><\/figure><\/div>\n\n\n\n<div class=\"wp-block-media-text alignwide has-media-on-the-right is-stacked-on-mobile\" style=\"grid-template-columns:auto 35%\"><div class=\"wp-block-media-text__content\">\n<h4 class=\"wp-block-heading\">\u010clen v\u00fdboru<\/h4>\n\n\n\n<p>Filip Jasensk\u00fd<\/p>\n\n\n\n<p><a href=\"mailto:filip.jasensky@caplds.cz\">filip.jasensky@caplds.cz<\/a><\/p>\n<\/div><figure class=\"wp-block-media-text__media\"><img loading=\"lazy\" decoding=\"async\" width=\"300\" height=\"300\" src=\"https:\/\/caplds.cz\/wp-content\/uploads\/2020\/08\/profil-300x300.png\" alt=\"\" class=\"wp-image-1054 size-medium\" srcset=\"https:\/\/caplds.cz\/wp-content\/uploads\/2020\/08\/profil-300x300.png 300w, https:\/\/caplds.cz\/wp-content\/uploads\/2020\/08\/profil-150x150.png 150w, https:\/\/caplds.cz\/wp-content\/uploads\/2020\/08\/profil-100x100.png 100w, https:\/\/caplds.cz\/wp-content\/uploads\/2020\/08\/profil.png 640w\" sizes=\"auto, (max-width: 300px) 100vw, 300px\" \/><\/figure><\/div>\n\n\n\n<p><strong>Kde n\u00e1s najdete<\/strong><\/p>\n\n\n\n<iframe src=\"https:\/\/www.google.com\/maps\/embed?pb=!1m18!1m12!1m3!1d2559.8220722836845!2d14.445879531694683!3d50.08961806567139!2m3!1f0!2f0!3f0!3m2!1i1024!2i768!4f13.1!3m3!1m2!1s0x470b94bd5e9421f7%3A0x8d29a36030dbc783!2s2b%2C%20Pernerova%202870%2F2b%2C%20130%2000%20Praha%203-%C5%BDi%C5%BEkov!5e0!3m2!1scs!2scz!4v1743043374643!5m2!1scs!2scz\" width=\"600\" height=\"450\" style=\"border:0;\" allowfullscreen=\"\" loading=\"lazy\" referrerpolicy=\"no-referrer-when-downgrade\"><\/iframe>\n","protected":false},"excerpt":{"rendered":"<p>\u010cesk\u00e1 asociace provozovatel\u016f lok\u00e1ln\u00edch distribu\u010dn\u00edch soustav, z.s.Pernerova 2870\/2b130&nbsp;00, Praha 3 &#8211; \u017di\u017ekov\u00a0I\u010c:\u00a004913221www.caplds.cz Kontaktn\u00ed osoba v\u00fdkonn\u00fd \u0159editelMartin Michek martin.michek@caplds.cz +420&nbsp;606&nbsp;640&nbsp;374 sekretari\u00e1t email:&nbsp; info@caplds.cz P\u0159edseda v\u00fdboru Petr Karafi\u00e1t petr.karafiat@caplds.cz \u010clen v\u00fdboru Lubo\u0161&#8230;<\/p>\n","protected":false},"author":2,"featured_media":0,"parent":0,"menu_order":0,"comment_status":"closed","ping_status":"closed","template":"","meta":{"_bbp_topic_count":0,"_bbp_reply_count":0,"_bbp_total_topic_count":0,"_bbp_total_reply_count":0,"_bbp_voice_count":0,"_bbp_anonymous_reply_count":0,"_bbp_topic_count_hidden":0,"_bbp_reply_count_hidden":0,"_bbp_forum_subforum_count":0,"footnotes":""},"class_list":["post-66","page","type-page","status-publish","hentry","entry"],"yoast_head":"<!-- This site is optimized with the Yoast SEO plugin v27.3 - https:\/\/yoast.com\/product\/yoast-seo-wordpress\/ -->\n<title>Kontakt - \u010cesk\u00e1 asociace provozovatel\u016f LDS<\/title>\n<meta name=\"robots\" content=\"index, follow, max-snippet:-1, max-image-preview:large, max-video-preview:-1\" \/>\n<link rel=\"canonical\" href=\"https:\/\/caplds.cz\/index.php\/kontakt\/\" \/>\n<meta property=\"og:locale\" content=\"cs_CZ\" \/>\n<meta property=\"og:type\" content=\"article\" \/>\n<meta property=\"og:title\" content=\"Kontakt - \u010cesk\u00e1 asociace provozovatel\u016f LDS\" \/>\n<meta property=\"og:description\" content=\"\u010cesk\u00e1 asociace provozovatel\u016f lok\u00e1ln\u00edch distribu\u010dn\u00edch soustav, z.s.Pernerova 2870\/2b130&nbsp;00, Praha 3 &#8211; \u017di\u017ekov\u00a0I\u010c:\u00a004913221www.caplds.cz Kontaktn\u00ed osoba v\u00fdkonn\u00fd \u0159editelMartin Michek martin.michek@caplds.cz +420&nbsp;606&nbsp;640&nbsp;374 sekretari\u00e1t email:&nbsp; info@caplds.cz P\u0159edseda v\u00fdboru Petr Karafi\u00e1t petr.karafiat@caplds.cz \u010clen v\u00fdboru Lubo\u0161&#8230;\" \/>\n<meta property=\"og:url\" content=\"https:\/\/caplds.cz\/index.php\/kontakt\/\" \/>\n<meta property=\"og:site_name\" content=\"\u010cesk\u00e1 asociace provozovatel\u016f LDS\" \/>\n<meta property=\"article:modified_time\" content=\"2025-03-27T02:43:25+00:00\" \/>\n<meta property=\"og:image\" content=\"https:\/\/caplds.cz\/wp-content\/uploads\/2020\/08\/michek.jpg\" \/>\n\t<meta property=\"og:image:width\" content=\"140\" \/>\n\t<meta property=\"og:image:height\" content=\"150\" \/>\n\t<meta property=\"og:image:type\" content=\"image\/jpeg\" \/>\n<meta name=\"twitter:card\" content=\"summary_large_image\" \/>\n<meta name=\"twitter:label1\" content=\"Odhadovan\u00e1 doba \u010dten\u00ed\" \/>\n\t<meta name=\"twitter:data1\" content=\"2 minuty\" \/>\n<script type=\"application\/ld+json\" class=\"yoast-schema-graph\">{\"@context\":\"https:\\\/\\\/schema.org\",\"@graph\":[{\"@type\":\"WebPage\",\"@id\":\"https:\\\/\\\/caplds.cz\\\/index.php\\\/kontakt\\\/\",\"url\":\"https:\\\/\\\/caplds.cz\\\/index.php\\\/kontakt\\\/\",\"name\":\"Kontakt - \u010cesk\u00e1 asociace provozovatel\u016f LDS\",\"isPartOf\":{\"@id\":\"https:\\\/\\\/caplds.cz\\\/#website\"},\"primaryImageOfPage\":{\"@id\":\"https:\\\/\\\/caplds.cz\\\/index.php\\\/kontakt\\\/#primaryimage\"},\"image\":{\"@id\":\"https:\\\/\\\/caplds.cz\\\/index.php\\\/kontakt\\\/#primaryimage\"},\"thumbnailUrl\":\"https:\\\/\\\/caplds.cz\\\/wp-content\\\/uploads\\\/2020\\\/08\\\/michek.jpg\",\"datePublished\":\"2020-06-28T09:03:18+00:00\",\"dateModified\":\"2025-03-27T02:43:25+00:00\",\"breadcrumb\":{\"@id\":\"https:\\\/\\\/caplds.cz\\\/index.php\\\/kontakt\\\/#breadcrumb\"},\"inLanguage\":\"cs\",\"potentialAction\":[{\"@type\":\"ReadAction\",\"target\":[\"https:\\\/\\\/caplds.cz\\\/index.php\\\/kontakt\\\/\"]}]},{\"@type\":\"ImageObject\",\"inLanguage\":\"cs\",\"@id\":\"https:\\\/\\\/caplds.cz\\\/index.php\\\/kontakt\\\/#primaryimage\",\"url\":\"https:\\\/\\\/caplds.cz\\\/wp-content\\\/uploads\\\/2020\\\/08\\\/michek.jpg\",\"contentUrl\":\"https:\\\/\\\/caplds.cz\\\/wp-content\\\/uploads\\\/2020\\\/08\\\/michek.jpg\",\"width\":140,\"height\":150},{\"@type\":\"BreadcrumbList\",\"@id\":\"https:\\\/\\\/caplds.cz\\\/index.php\\\/kontakt\\\/#breadcrumb\",\"itemListElement\":[{\"@type\":\"ListItem\",\"position\":1,\"name\":\"Dom\u016f\",\"item\":\"https:\\\/\\\/caplds.cz\\\/\"},{\"@type\":\"ListItem\",\"position\":2,\"name\":\"Kontakt\"}]},{\"@type\":\"WebSite\",\"@id\":\"https:\\\/\\\/caplds.cz\\\/#website\",\"url\":\"https:\\\/\\\/caplds.cz\\\/\",\"name\":\"\u010cesk\u00e1 asociace provozovatel\u016f LDS\",\"description\":\"\",\"publisher\":{\"@id\":\"https:\\\/\\\/caplds.cz\\\/#organization\"},\"potentialAction\":[{\"@type\":\"SearchAction\",\"target\":{\"@type\":\"EntryPoint\",\"urlTemplate\":\"https:\\\/\\\/caplds.cz\\\/?s={search_term_string}\"},\"query-input\":{\"@type\":\"PropertyValueSpecification\",\"valueRequired\":true,\"valueName\":\"search_term_string\"}}],\"inLanguage\":\"cs\"},{\"@type\":\"Organization\",\"@id\":\"https:\\\/\\\/caplds.cz\\\/#organization\",\"name\":\"\u010cesk\u00e1 asociace provozovatel\u016f LDS\",\"url\":\"https:\\\/\\\/caplds.cz\\\/\",\"logo\":{\"@type\":\"ImageObject\",\"inLanguage\":\"cs\",\"@id\":\"https:\\\/\\\/caplds.cz\\\/#\\\/schema\\\/logo\\\/image\\\/\",\"url\":\"https:\\\/\\\/caplds.cz\\\/wp-content\\\/uploads\\\/2020\\\/06\\\/logom.png\",\"contentUrl\":\"https:\\\/\\\/caplds.cz\\\/wp-content\\\/uploads\\\/2020\\\/06\\\/logom.png\",\"width\":146,\"height\":48,\"caption\":\"\u010cesk\u00e1 asociace provozovatel\u016f LDS\"},\"image\":{\"@id\":\"https:\\\/\\\/caplds.cz\\\/#\\\/schema\\\/logo\\\/image\\\/\"}}]}<\/script>\n<!-- \/ Yoast SEO plugin. -->","yoast_head_json":{"title":"Kontakt - \u010cesk\u00e1 asociace provozovatel\u016f LDS","robots":{"index":"index","follow":"follow","max-snippet":"max-snippet:-1","max-image-preview":"max-image-preview:large","max-video-preview":"max-video-preview:-1"},"canonical":"https:\/\/caplds.cz\/index.php\/kontakt\/","og_locale":"cs_CZ","og_type":"article","og_title":"Kontakt - \u010cesk\u00e1 asociace provozovatel\u016f LDS","og_description":"\u010cesk\u00e1 asociace provozovatel\u016f lok\u00e1ln\u00edch distribu\u010dn\u00edch soustav, z.s.Pernerova 2870\/2b130&nbsp;00, Praha 3 &#8211; \u017di\u017ekov\u00a0I\u010c:\u00a004913221www.caplds.cz Kontaktn\u00ed osoba v\u00fdkonn\u00fd \u0159editelMartin Michek martin.michek@caplds.cz +420&nbsp;606&nbsp;640&nbsp;374 sekretari\u00e1t email:&nbsp; info@caplds.cz P\u0159edseda v\u00fdboru Petr Karafi\u00e1t petr.karafiat@caplds.cz \u010clen v\u00fdboru Lubo\u0161&#8230;","og_url":"https:\/\/caplds.cz\/index.php\/kontakt\/","og_site_name":"\u010cesk\u00e1 asociace provozovatel\u016f LDS","article_modified_time":"2025-03-27T02:43:25+00:00","og_image":[{"width":140,"height":150,"url":"https:\/\/caplds.cz\/wp-content\/uploads\/2020\/08\/michek.jpg","type":"image\/jpeg"}],"twitter_card":"summary_large_image","twitter_misc":{"Odhadovan\u00e1 doba \u010dten\u00ed":"2 minuty"},"schema":{"@context":"https:\/\/schema.org","@graph":[{"@type":"WebPage","@id":"https:\/\/caplds.cz\/index.php\/kontakt\/","url":"https:\/\/caplds.cz\/index.php\/kontakt\/","name":"Kontakt - \u010cesk\u00e1 asociace provozovatel\u016f LDS","isPartOf":{"@id":"https:\/\/caplds.cz\/#website"},"primaryImageOfPage":{"@id":"https:\/\/caplds.cz\/index.php\/kontakt\/#primaryimage"},"image":{"@id":"https:\/\/caplds.cz\/index.php\/kontakt\/#primaryimage"},"thumbnailUrl":"https:\/\/caplds.cz\/wp-content\/uploads\/2020\/08\/michek.jpg","datePublished":"2020-06-28T09:03:18+00:00","dateModified":"2025-03-27T02:43:25+00:00","breadcrumb":{"@id":"https:\/\/caplds.cz\/index.php\/kontakt\/#breadcrumb"},"inLanguage":"cs","potentialAction":[{"@type":"ReadAction","target":["https:\/\/caplds.cz\/index.php\/kontakt\/"]}]},{"@type":"ImageObject","inLanguage":"cs","@id":"https:\/\/caplds.cz\/index.php\/kontakt\/#primaryimage","url":"https:\/\/caplds.cz\/wp-content\/uploads\/2020\/08\/michek.jpg","contentUrl":"https:\/\/caplds.cz\/wp-content\/uploads\/2020\/08\/michek.jpg","width":140,"height":150},{"@type":"BreadcrumbList","@id":"https:\/\/caplds.cz\/index.php\/kontakt\/#breadcrumb","itemListElement":[{"@type":"ListItem","position":1,"name":"Dom\u016f","item":"https:\/\/caplds.cz\/"},{"@type":"ListItem","position":2,"name":"Kontakt"}]},{"@type":"WebSite","@id":"https:\/\/caplds.cz\/#website","url":"https:\/\/caplds.cz\/","name":"\u010cesk\u00e1 asociace provozovatel\u016f LDS","description":"","publisher":{"@id":"https:\/\/caplds.cz\/#organization"},"potentialAction":[{"@type":"SearchAction","target":{"@type":"EntryPoint","urlTemplate":"https:\/\/caplds.cz\/?s={search_term_string}"},"query-input":{"@type":"PropertyValueSpecification","valueRequired":true,"valueName":"search_term_string"}}],"inLanguage":"cs"},{"@type":"Organization","@id":"https:\/\/caplds.cz\/#organization","name":"\u010cesk\u00e1 asociace provozovatel\u016f LDS","url":"https:\/\/caplds.cz\/","logo":{"@type":"ImageObject","inLanguage":"cs","@id":"https:\/\/caplds.cz\/#\/schema\/logo\/image\/","url":"https:\/\/caplds.cz\/wp-content\/uploads\/2020\/06\/logom.png","contentUrl":"https:\/\/caplds.cz\/wp-content\/uploads\/2020\/06\/logom.png","width":146,"height":48,"caption":"\u010cesk\u00e1 asociace provozovatel\u016f LDS"},"image":{"@id":"https:\/\/caplds.cz\/#\/schema\/logo\/image\/"}}]}},"_links":{"self":[{"href":"https:\/\/caplds.cz\/index.php\/wp-json\/wp\/v2\/pages\/66","targetHints":{"allow":["GET"]}}],"collection":[{"href":"https:\/\/caplds.cz\/index.php\/wp-json\/wp\/v2\/pages"}],"about":[{"href":"https:\/\/caplds.cz\/index.php\/wp-json\/wp\/v2\/types\/page"}],"author":[{"embeddable":true,"href":"https:\/\/caplds.cz\/index.php\/wp-json\/wp\/v2\/users\/2"}],"replies":[{"embeddable":true,"href":"https:\/\/caplds.cz\/index.php\/wp-json\/wp\/v2\/comments?post=66"}],"version-history":[{"count":7,"href":"https:\/\/caplds.cz\/index.php\/wp-json\/wp\/v2\/pages\/66\/revisions"}],"predecessor-version":[{"id":4708,"href":"https:\/\/caplds.cz\/index.php\/wp-json\/wp\/v2\/pages\/66\/revisions\/4708"}],"wp:attachment":[{"href":"https:\/\/caplds.cz\/index.php\/wp-json\/wp\/v2\/media?parent=66"}],"curies":[{"name":"wp","href":"https:\/\/api.w.org\/{rel}","templated":true}]}}